{"id":649,"date":"2020-09-15T17:02:22","date_gmt":"2020-09-15T17:02:22","guid":{"rendered":"http:\/\/www.3els.com\/onlinetravelescapes\/travelescaperooms\/?post_type=product&#038;p=649"},"modified":"2021-09-02T18:40:58","modified_gmt":"2021-09-02T18:40:58","slug":"ter-amnesia-en-la-cocina","status":"publish","type":"product","link":"https:\/\/3els.com\/onlinetravelescapes\/producto\/ter-amnesia-en-la-cocina\/","title":{"rendered":"AMNESIA EN LA COCINA"},"content":{"rendered":"<p><div style=\"width: 640px;\" class=\"wp-video\"><video class=\"wp-video-shortcode\" id=\"video-649-1\" width=\"640\" height=\"360\" loop autoplay preload=\"metadata\" controls=\"controls\"><source type=\"video\/mp4\" src=\"http:\/\/3els.com\/onlinetravelescapes\/wp-content\/uploads\/2020\/09\/Amnesia-in-the-kitchen-ESP.mp4?_=1\" \/><a href=\"http:\/\/3els.com\/onlinetravelescapes\/wp-content\/uploads\/2020\/09\/Amnesia-in-the-kitchen-ESP.mp4\">http:\/\/3els.com\/onlinetravelescapes\/wp-content\/uploads\/2020\/09\/Amnesia-in-the-kitchen-ESP.mp4<\/a><\/video><\/div><\/p>\n<p><span style=\"font-size: 12pt;\">\u00a1Gracias por venir!<\/span><\/p>\n<p><span style=\"font-size: 12pt;\">Nuestro chef Don Rico Rico ha perdido la memoria. \u00a1Esperamos que sea temporal! Pero, por ahora, necesitamos tu ayuda para conseguir su receta favorita. Es una receta que sol\u00eda preparar con todo su cari\u00f1o todos los viernes para su familia y ahora est\u00e1 desconsolado &#8230;<\/span><\/p>\n<p><span style=\"font-size: 12pt;\">Esta aventura te llevar\u00e1 por una ruta gastron\u00f3mica por algunos de los lugares m\u00e1s emblem\u00e1ticos de Madrid. Te divertir\u00e1s descubriendo las mejores tapas y, adem\u00e1s, si resuelves todos los enigmas hasta el final, \u00a1conseguir\u00e1s algunas recetas tradicionales para hacerlas en tu casa!<\/span><\/p>\n<p>\u2013 Duraci\u00f3n: 1,5-2 horas aprox.<br \/>\n\u2013 Edad: apto para todos los p\u00fablicos.<br \/>\n\u2013 Participantes: de 1 a 6 dispositivos con conexi\u00f3n al escape room.<br \/>\n\u2013 Dificultad:\u00a0 media\/alta.<br \/>\n\u2013 Incluye pdf con recetas tradicionales.<\/p>\n<p><strong>NOTAS<\/strong><br \/>\n\u2013 Recomendamos usar un ordenador o tablet, no tel\u00e9fonos m\u00f3viles.<br \/>\n\u2013 Algunas pistas pueden requerir b\u00fasqueda de informaci\u00f3n.<br \/>\n\u2013 En el caso de participar varias personas desde localizaciones diferentes, recomendamos el uso de un segundo dispositivo para comunicarse con videollamadas o aplicaciones multiconferencia.<\/p>","protected":false},"excerpt":{"rendered":"<p>\u00a1Gracias por venir! Nuestro chef Don Rico Rico ha perdido la memoria. \u00a1Esperamos que sea temporal! Pero, por ahora, necesitamos tu ayuda para conseguir su receta favorita. Es una receta que sol\u00eda preparar con todo su cari\u00f1o todos los viernes para su familia y ahora est\u00e1 desconsolado &#8230; Esta aventura te llevar\u00e1 por una ruta&#8230;<\/p>\n","protected":false},"featured_media":1719,"comment_status":"closed","ping_status":"closed","template":"","meta":[],"product_brand":[],"product_cat":[41,50,19,55],"product_tag":[47],"class_list":{"0":"post-649","1":"product","2":"type-product","3":"status-publish","4":"has-post-thumbnail","6":"product_cat-gastronomia","7":"product_cat-historia","8":"product_cat-madrid","9":"product_cat-vino","10":"product_tag-escape-room-autoguiado","12":"first","13":"instock","14":"featured","15":"downloadable","16":"virtual","17":"purchasable","18":"product-type-simple"},"_links":{"self":[{"href":"https:\/\/3els.com\/onlinetravelescapes\/wp-json\/wp\/v2\/product\/649","targetHints":{"allow":["GET"]}}],"collection":[{"href":"https:\/\/3els.com\/onlinetravelescapes\/wp-json\/wp\/v2\/product"}],"about":[{"href":"https:\/\/3els.com\/onlinetravelescapes\/wp-json\/wp\/v2\/types\/product"}],"replies":[{"embeddable":true,"href":"https:\/\/3els.com\/onlinetravelescapes\/wp-json\/wp\/v2\/comments?post=649"}],"wp:featuredmedia":[{"embeddable":true,"href":"https:\/\/3els.com\/onlinetravelescapes\/wp-json\/wp\/v2\/media\/1719"}],"wp:attachment":[{"href":"https:\/\/3els.com\/onlinetravelescapes\/wp-json\/wp\/v2\/media?parent=649"}],"wp:term":[{"taxonomy":"product_brand","embeddable":true,"href":"https:\/\/3els.com\/onlinetravelescapes\/wp-json\/wp\/v2\/product_brand?post=649"},{"taxonomy":"product_cat","embeddable":true,"href":"https:\/\/3els.com\/onlinetravelescapes\/wp-json\/wp\/v2\/product_cat?post=649"},{"taxonomy":"product_tag","embeddable":true,"href":"https:\/\/3els.com\/onlinetravelescapes\/wp-json\/wp\/v2\/product_tag?post=649"}],"curies":[{"name":"wp","href":"https:\/\/api.w.org\/{rel}","templated":true}]}}