{"id":1749,"date":"2021-03-15T19:34:20","date_gmt":"2021-03-15T19:34:20","guid":{"rendered":"http:\/\/3els.com\/onlinetravelescapes\/?post_type=product&#038;p=1749"},"modified":"2021-03-23T13:57:15","modified_gmt":"2021-03-23T13:57:15","slug":"ote-cocinando-paella","status":"publish","type":"product","link":"https:\/\/3els.com\/onlinetravelescapes\/producto\/ote-cocinando-paella\/","title":{"rendered":"COCINANDO PAELLA"},"content":{"rendered":"<p><\/p>\n<p style=\"text-align: center;\"><span style=\"font-size: 12pt;\"><strong>\u2013 Sesi\u00f3n privada guiada por chef profesional \u2013\u00a0<\/strong><\/span><\/p>\n<p><span style=\"font-size: 12pt;\">Esta clase magistral de cocina ser\u00e1 liderada por uno de nuestros mejores chefs quien te ense\u00f1ar\u00e1 a cocinar una deliciosa paella (plato tradicional de arroz). \u00a1Aprende a cocinar uno de los platos espa\u00f1oles m\u00e1s internacionales y deliciosos y disfruta con tus seres queridos durante esta divertida actividad!<\/span><\/p>\n<p><span style=\"font-size: 12pt;\"><strong>\u00a1Escoge a tus acompa\u00f1antes, prepara los ingredientes y disfruta de esta sabrosa sesi\u00f3n!<\/strong><\/span><\/p>\n<p><span style=\"font-size: 12pt;\">\u2013 Duraci\u00f3n: 1,5-2H. aprox.<\/span><br \/>\n<span style=\"font-size: 12pt;\">\u2013 Edad: apto para todos los p\u00fablicos.<\/span><br \/>\n<span style=\"font-size: 12pt;\">\u2013 Participantes: hasta 20 personas (cont\u00e1ctanos para grupos hasta 100 personas).<\/span><br \/>\n<span style=\"font-size: 12pt;\">\u2013 Dificultad: media.<\/span><br \/>\n<span style=\"font-size: 12pt;\">\u2013 <\/span>Incluye pdf con la receta del chef.<\/p>\n<p><span style=\"font-size: 12pt;\"><strong>NOTAS<\/strong><\/span><br \/>\n<span style=\"font-size: 12pt;\">\u2013 Ingredientes no incluidos. El detalle sobre los ingredientes requeridos ser\u00e1 entregado antes de la sesi\u00f3n.<\/span><br \/>\n<span style=\"font-size: 12pt;\">\u2013 Env\u00eda tu petici\u00f3n para concretar d\u00eda y hora de la sesi\u00f3n.<\/span><br \/>\n<span style=\"font-size: 12pt;\">\u2013 Recomendamos usar un ordenador o tablet, no tel\u00e9fonos m\u00f3viles.<\/span><br \/>\n<span style=\"font-size: 12pt;\">\u2013 En el caso de participar varias personas desde localizaciones diferentes, recomendamos el uso de un segundo dispositivo para comunicarse con videollamadas o aplicaciones multiconferencia.<\/span><\/p>","protected":false},"excerpt":{"rendered":"<p>\u2013 Sesi\u00f3n privada guiada por chef profesional \u2013\u00a0 Esta clase magistral de cocina ser\u00e1 liderada por uno de nuestros mejores chefs quien te ense\u00f1ar\u00e1 a cocinar una deliciosa paella (plato tradicional de arroz). \u00a1Aprende a cocinar uno de los platos espa\u00f1oles m\u00e1s internacionales y deliciosos y disfruta con tus seres queridos durante esta divertida actividad!&#8230;<\/p>\n","protected":false},"featured_media":1752,"comment_status":"open","ping_status":"closed","template":"","meta":[],"product_brand":[],"product_cat":[41],"product_tag":[48],"class_list":{"0":"post-1749","1":"product","2":"type-product","3":"status-publish","4":"has-post-thumbnail","6":"product_cat-gastronomia","7":"product_tag-experiencias-online","9":"first","10":"instock","11":"shipping-taxable","12":"product-type-external"},"_links":{"self":[{"href":"https:\/\/3els.com\/onlinetravelescapes\/wp-json\/wp\/v2\/product\/1749","targetHints":{"allow":["GET"]}}],"collection":[{"href":"https:\/\/3els.com\/onlinetravelescapes\/wp-json\/wp\/v2\/product"}],"about":[{"href":"https:\/\/3els.com\/onlinetravelescapes\/wp-json\/wp\/v2\/types\/product"}],"replies":[{"embeddable":true,"href":"https:\/\/3els.com\/onlinetravelescapes\/wp-json\/wp\/v2\/comments?post=1749"}],"wp:featuredmedia":[{"embeddable":true,"href":"https:\/\/3els.com\/onlinetravelescapes\/wp-json\/wp\/v2\/media\/1752"}],"wp:attachment":[{"href":"https:\/\/3els.com\/onlinetravelescapes\/wp-json\/wp\/v2\/media?parent=1749"}],"wp:term":[{"taxonomy":"product_brand","embeddable":true,"href":"https:\/\/3els.com\/onlinetravelescapes\/wp-json\/wp\/v2\/product_brand?post=1749"},{"taxonomy":"product_cat","embeddable":true,"href":"https:\/\/3els.com\/onlinetravelescapes\/wp-json\/wp\/v2\/product_cat?post=1749"},{"taxonomy":"product_tag","embeddable":true,"href":"https:\/\/3els.com\/onlinetravelescapes\/wp-json\/wp\/v2\/product_tag?post=1749"}],"curies":[{"name":"wp","href":"https:\/\/api.w.org\/{rel}","templated":true}]}}