{"id":1747,"date":"2021-03-15T19:16:14","date_gmt":"2021-03-15T19:16:14","guid":{"rendered":"http:\/\/3els.com\/onlinetravelescapes\/?post_type=product&#038;p=1747"},"modified":"2021-03-19T19:15:35","modified_gmt":"2021-03-19T19:15:35","slug":"ote-cata-de-vinos","status":"publish","type":"product","link":"https:\/\/3els.com\/onlinetravelescapes\/producto\/ote-cata-de-vinos\/","title":{"rendered":"CATA DE VINOS"},"content":{"rendered":"<p><\/p>\n<p style=\"text-align: center;\"><span style=\"font-size: 12pt;\"><strong>\u2013 Sesi\u00f3n privada guiada por sommeliers profesionales. Disponible s\u00f3lo en Espa\u00f1a y Portugal &#8211;\u00a0<\/strong><\/span><\/p>\n<p><span style=\"font-size: 12pt;\">Disfrute de una agradable velada degustando unos deliciosos vinos org\u00e1nicos de la regi\u00f3n del Pened\u00e8s catal\u00e1n. Esta experiencia ser\u00e1 guiada por expertos sumilleres que te contar\u00e1n todo sobre sus vinos y la interesante y sostenible producci\u00f3n biodin\u00e1mica.<\/span><\/p>\n<p><span style=\"font-size: 12pt;\"><strong>\u00a1Elija su paquete de degustaci\u00f3n favorito, re\u00fana a sus amigos y familiares y disfrute de su experiencia!<\/strong><\/span><\/p>\n<p><span style=\"font-size: 12pt;\">\u2013 Duraci\u00f3n: 1H. aprox.<\/span><br \/>\n<span style=\"font-size: 12pt;\">\u2013 Edad:\u00a0 actividad s\u00f3lo para adultos.<\/span><br \/>\n<span style=\"font-size: 12pt;\">\u2013 Participantes: hasta 20 personas (cont\u00e1ctanos para grupos hasta 100 personas).<\/span><br \/>\n<span style=\"font-size: 12pt;\">\u2013 Dificultad: f\u00e1cil.<\/span><br \/>\n<span style=\"font-size: 12pt;\">\u2013 Incluye pdf con nota de catas.<\/span><\/p>\n<p><span style=\"font-size: 12pt;\"><strong>NOTAS<\/strong><\/span><br \/>\n<span style=\"font-size: 12pt;\">&#8211; Pack degustaci\u00f3n NO incluido, te enviaremos las opciones para que elijas antes de la sesi\u00f3n y se enviar\u00e1n a la direcci\u00f3n indicada. Disponible s\u00f3lo en Espa\u00f1a y Portugal.<\/span><br \/>\n<span style=\"font-size: 12pt;\">\u2013 Env\u00eda tu petici\u00f3n para concretar d\u00eda y hora de la sesi\u00f3n.<\/span><br \/>\n<span style=\"font-size: 12pt;\">\u2013 Recomendamos usar un ordenador o tablet, no tel\u00e9fonos m\u00f3viles.<\/span><br \/>\n<span style=\"font-size: 12pt;\">\u2013 En el caso de participar varias personas desde localizaciones diferentes, recomendamos el uso de un segundo dispositivo para comunicarse con videollamadas o aplicaciones multiconferencia.<\/span><\/p>","protected":false},"excerpt":{"rendered":"<p>\u2013 Sesi\u00f3n privada guiada por sommeliers profesionales. Disponible s\u00f3lo en Espa\u00f1a y Portugal &#8211;\u00a0 Disfrute de una agradable velada degustando unos deliciosos vinos org\u00e1nicos de la regi\u00f3n del Pened\u00e8s catal\u00e1n. Esta experiencia ser\u00e1 guiada por expertos sumilleres que te contar\u00e1n todo sobre sus vinos y la interesante y sostenible producci\u00f3n biodin\u00e1mica. \u00a1Elija su paquete de&#8230;<\/p>\n","protected":false},"featured_media":1748,"comment_status":"open","ping_status":"closed","template":"","meta":[],"product_brand":[],"product_cat":[41,55],"product_tag":[48],"class_list":{"0":"post-1747","1":"product","2":"type-product","3":"status-publish","4":"has-post-thumbnail","6":"product_cat-gastronomia","7":"product_cat-vino","8":"product_tag-experiencias-online","10":"first","11":"instock","12":"shipping-taxable","13":"product-type-external"},"_links":{"self":[{"href":"https:\/\/3els.com\/onlinetravelescapes\/wp-json\/wp\/v2\/product\/1747","targetHints":{"allow":["GET"]}}],"collection":[{"href":"https:\/\/3els.com\/onlinetravelescapes\/wp-json\/wp\/v2\/product"}],"about":[{"href":"https:\/\/3els.com\/onlinetravelescapes\/wp-json\/wp\/v2\/types\/product"}],"replies":[{"embeddable":true,"href":"https:\/\/3els.com\/onlinetravelescapes\/wp-json\/wp\/v2\/comments?post=1747"}],"wp:featuredmedia":[{"embeddable":true,"href":"https:\/\/3els.com\/onlinetravelescapes\/wp-json\/wp\/v2\/media\/1748"}],"wp:attachment":[{"href":"https:\/\/3els.com\/onlinetravelescapes\/wp-json\/wp\/v2\/media?parent=1747"}],"wp:term":[{"taxonomy":"product_brand","embeddable":true,"href":"https:\/\/3els.com\/onlinetravelescapes\/wp-json\/wp\/v2\/product_brand?post=1747"},{"taxonomy":"product_cat","embeddable":true,"href":"https:\/\/3els.com\/onlinetravelescapes\/wp-json\/wp\/v2\/product_cat?post=1747"},{"taxonomy":"product_tag","embeddable":true,"href":"https:\/\/3els.com\/onlinetravelescapes\/wp-json\/wp\/v2\/product_tag?post=1747"}],"curies":[{"name":"wp","href":"https:\/\/api.w.org\/{rel}","templated":true}]}}