{"id":1743,"date":"2021-03-15T18:44:30","date_gmt":"2021-03-15T18:44:30","guid":{"rendered":"http:\/\/3els.com\/onlinetravelescapes\/?post_type=product&#038;p=1743"},"modified":"2021-03-19T19:14:07","modified_gmt":"2021-03-19T19:14:07","slug":"ote-fotografia-de-viaje","status":"publish","type":"product","link":"https:\/\/3els.com\/onlinetravelescapes\/producto\/ote-fotografia-de-viaje\/","title":{"rendered":"FOTOGRAF\u00cdA DE VIAJE"},"content":{"rendered":"<p><\/p>\n<p style=\"text-align: center;\"><span style=\"font-size: 12pt;\"><strong>\u2013 Sesi\u00f3n privada con el fot\u00f3grafo de viaje profesional Tom Bourdon \u2013\u00a0<\/strong><\/span><\/p>\n<p><span style=\"font-size: 12pt;\">Disfruta de una clase magistral de fotograf\u00eda de viajes con <a href=\"https:\/\/tombourdon.co.uk\/\" target=\"_blank\" rel=\"noopener\">Tom Bourdon<\/a>, un fot\u00f3grafo de viajes documental ganador de m\u00faltiples premios que se especializa en inmortalizar festivales y celebraciones culturales en todo el mundo. Ha ganado y ha sido finalista en muchos concursos internacionales de fotograf\u00eda, como Wanderlust\/Nikon Travel Photo of the Year Competition and Travel Photographer of the Year.<\/span><\/p>\n<p><span style=\"font-size: 12pt;\">El trabajo de Tom ha aparecido en numerosas revistas, peri\u00f3dicos, gu\u00edas y publicaciones internacionales como National Geographic Traveler, The Sunday Times, The BBC, The Independent, Wanderlust, Hello magazine, P&amp;O, Insight Guides y Microsoft, por nombrar algunos.<\/span><\/p>\n<p><span style=\"font-size: 12pt;\"><strong>Haz que tus viajes sean inolvidables tomando las mejores fotos. \u00a1\u00danete a Tom ahora!<\/strong><\/span><\/p>\n<p><span style=\"font-size: 12pt;\">\u2013 Duraci\u00f3n: 1,5H aprox.<\/span><br \/>\n<span style=\"font-size: 12pt;\">\u2013 Edad: apto para todos los p\u00fablicos.<\/span><br \/>\n<span style=\"font-size: 12pt;\">\u2013 Participantes: hasta 10 personas (cont\u00e1ctanos para grupos hasta 100 personas).<\/span><br \/>\n<span style=\"font-size: 12pt;\">\u2013 Dificultad: f\u00e1cil.<\/span><\/p>\n<p><span style=\"font-size: 12pt;\"><strong>NOTAS<\/strong><\/span><br \/>\n<span style=\"font-size: 12pt;\">\u2013 Env\u00eda tu petici\u00f3n para concretar d\u00eda y hora de la sesi\u00f3n.<\/span><br \/>\n<span style=\"font-size: 12pt;\">\u2013 Recomendamos usar un ordenador o tablet, no tel\u00e9fonos m\u00f3viles.<\/span><br \/>\n<span style=\"font-size: 12pt;\">\u2013 En el caso de participar varias personas desde localizaciones diferentes, recomendamos el uso de un segundo dispositivo para comunicarse con videollamadas o aplicaciones multiconferencia.<\/span><\/p>","protected":false},"excerpt":{"rendered":"<p>\u2013 Sesi\u00f3n privada con el fot\u00f3grafo de viaje profesional Tom Bourdon \u2013\u00a0 Disfruta de una clase magistral de fotograf\u00eda de viajes con Tom Bourdon, un fot\u00f3grafo de viajes documental ganador de m\u00faltiples premios que se especializa en inmortalizar festivales y celebraciones culturales en todo el mundo. Ha ganado y ha sido finalista en muchos concursos&#8230;<\/p>\n","protected":false},"featured_media":1744,"comment_status":"open","ping_status":"closed","template":"","meta":[],"product_brand":[],"product_cat":[54],"product_tag":[48],"class_list":{"0":"post-1743","1":"product","2":"type-product","3":"status-publish","4":"has-post-thumbnail","6":"product_cat-fotografia","7":"product_tag-experiencias-online","9":"first","10":"instock","11":"shipping-taxable","12":"product-type-external"},"_links":{"self":[{"href":"https:\/\/3els.com\/onlinetravelescapes\/wp-json\/wp\/v2\/product\/1743","targetHints":{"allow":["GET"]}}],"collection":[{"href":"https:\/\/3els.com\/onlinetravelescapes\/wp-json\/wp\/v2\/product"}],"about":[{"href":"https:\/\/3els.com\/onlinetravelescapes\/wp-json\/wp\/v2\/types\/product"}],"replies":[{"embeddable":true,"href":"https:\/\/3els.com\/onlinetravelescapes\/wp-json\/wp\/v2\/comments?post=1743"}],"wp:featuredmedia":[{"embeddable":true,"href":"https:\/\/3els.com\/onlinetravelescapes\/wp-json\/wp\/v2\/media\/1744"}],"wp:attachment":[{"href":"https:\/\/3els.com\/onlinetravelescapes\/wp-json\/wp\/v2\/media?parent=1743"}],"wp:term":[{"taxonomy":"product_brand","embeddable":true,"href":"https:\/\/3els.com\/onlinetravelescapes\/wp-json\/wp\/v2\/product_brand?post=1743"},{"taxonomy":"product_cat","embeddable":true,"href":"https:\/\/3els.com\/onlinetravelescapes\/wp-json\/wp\/v2\/product_cat?post=1743"},{"taxonomy":"product_tag","embeddable":true,"href":"https:\/\/3els.com\/onlinetravelescapes\/wp-json\/wp\/v2\/product_tag?post=1743"}],"curies":[{"name":"wp","href":"https:\/\/api.w.org\/{rel}","templated":true}]}}