{"id":1742,"date":"2021-03-15T20:10:41","date_gmt":"2021-03-15T20:10:41","guid":{"rendered":"http:\/\/3els.com\/onlinetravelescapes\/?post_type=product&#038;p=1742"},"modified":"2021-03-19T19:16:31","modified_gmt":"2021-03-19T19:16:31","slug":"ote-fiesta-flamenco-y-tapas","status":"publish","type":"product","link":"https:\/\/3els.com\/onlinetravelescapes\/producto\/ote-fiesta-flamenco-y-tapas\/","title":{"rendered":"FIESTA FLAMENCO Y TAPAS"},"content":{"rendered":"<p><\/p>\n<p style=\"text-align: center;\"><span style=\"font-size: 12pt;\"><strong>\u2013 Sesi\u00f3n privada dirigida por bailaora profesional \u2013\u00a0<\/strong><\/span><\/p>\n<p><span style=\"font-size: 12pt;\">\u00a1Prep\u00e1rate para una velada s\u00faper divertida! Directamente desde Sevilla, nuestra bailaora te har\u00e1 una breve introducci\u00f3n a la historia del flamenco y te ense\u00f1ar\u00e1 los pasos b\u00e1sicos con mucha gracia y arte. Adem\u00e1s, te enviaremos un pdf con algunos consejos para decorar tu casa y preparar algunas tapas y sangr\u00eda para disfrutar de una aut\u00e9ntica fiesta flamenca.<\/span><\/p>\n<p><span style=\"font-size: 12pt;\"><strong>\u00a1Flamenco, sangr\u00eda, tapas y&#8230; ol\u00e9! Reserva tu experiencia ahora.\u00a0<\/strong><\/span><\/p>\n<p><span style=\"font-size: 12pt;\">\u2013 Duraci\u00f3n: 75 minutos aprox.<\/span><br \/>\n<span style=\"font-size: 12pt;\">\u2013 Edad: apto para todos los p\u00fablicos.<\/span><br \/>\n<span style=\"font-size: 12pt;\">\u2013 Participantes: hasta 20 personas (cont\u00e1ctanos para grupos hasta 100 personas).<\/span><br \/>\n<span style=\"font-size: 12pt;\">\u2013 Dificultad: f\u00e1cil.<\/span><br \/>\n<span style=\"font-size: 12pt;\">\u2013 Incluye pdf con breve historia del flamenco, consejos para preparar una aut\u00e9ntica fiesta de flamenco y tapas.<\/span><\/p>\n<p><span style=\"font-size: 12pt;\"><strong>NOTAS<\/strong><\/span><br \/>\n<span style=\"font-size: 12pt;\">\u2013 Env\u00eda tu petici\u00f3n para concretar d\u00eda y hora de la sesi\u00f3n.<\/span><br \/>\n<span style=\"font-size: 12pt;\">\u2013 Recomendamos usar un ordenador o tablet, no tel\u00e9fonos m\u00f3viles.<\/span><br \/>\n<span style=\"font-size: 12pt;\">\u2013 En el caso de participar varias personas desde localizaciones diferentes, recomendamos el uso de un segundo dispositivo para comunicarse con videollamadas o aplicaciones multiconferencia.<\/span><\/p>","protected":false},"excerpt":{"rendered":"<p>\u2013 Sesi\u00f3n privada dirigida por bailaora profesional \u2013\u00a0 \u00a1Prep\u00e1rate para una velada s\u00faper divertida! Directamente desde Sevilla, nuestra bailaora te har\u00e1 una breve introducci\u00f3n a la historia del flamenco y te ense\u00f1ar\u00e1 los pasos b\u00e1sicos con mucha gracia y arte. Adem\u00e1s, te enviaremos un pdf con algunos consejos para decorar tu casa y preparar algunas&#8230;<\/p>\n","protected":false},"featured_media":1778,"comment_status":"open","ping_status":"closed","template":"","meta":[],"product_brand":[],"product_cat":[52,53,51,20],"product_tag":[48],"class_list":{"0":"post-1742","1":"product","2":"type-product","3":"status-publish","4":"has-post-thumbnail","6":"product_cat-baile","7":"product_cat-flamenco","8":"product_cat-musica","9":"product_cat-sevilla","10":"product_tag-experiencias-online","12":"first","13":"instock","14":"shipping-taxable","15":"product-type-external"},"_links":{"self":[{"href":"https:\/\/3els.com\/onlinetravelescapes\/wp-json\/wp\/v2\/product\/1742","targetHints":{"allow":["GET"]}}],"collection":[{"href":"https:\/\/3els.com\/onlinetravelescapes\/wp-json\/wp\/v2\/product"}],"about":[{"href":"https:\/\/3els.com\/onlinetravelescapes\/wp-json\/wp\/v2\/types\/product"}],"replies":[{"embeddable":true,"href":"https:\/\/3els.com\/onlinetravelescapes\/wp-json\/wp\/v2\/comments?post=1742"}],"wp:featuredmedia":[{"embeddable":true,"href":"https:\/\/3els.com\/onlinetravelescapes\/wp-json\/wp\/v2\/media\/1778"}],"wp:attachment":[{"href":"https:\/\/3els.com\/onlinetravelescapes\/wp-json\/wp\/v2\/media?parent=1742"}],"wp:term":[{"taxonomy":"product_brand","embeddable":true,"href":"https:\/\/3els.com\/onlinetravelescapes\/wp-json\/wp\/v2\/product_brand?post=1742"},{"taxonomy":"product_cat","embeddable":true,"href":"https:\/\/3els.com\/onlinetravelescapes\/wp-json\/wp\/v2\/product_cat?post=1742"},{"taxonomy":"product_tag","embeddable":true,"href":"https:\/\/3els.com\/onlinetravelescapes\/wp-json\/wp\/v2\/product_tag?post=1742"}],"curies":[{"name":"wp","href":"https:\/\/api.w.org\/{rel}","templated":true}]}}