{"id":1738,"date":"2021-03-15T17:40:10","date_gmt":"2021-03-15T17:40:10","guid":{"rendered":"http:\/\/3els.com\/onlinetravelescapes\/?post_type=product&#038;p=1738"},"modified":"2021-03-19T19:13:13","modified_gmt":"2021-03-19T19:13:13","slug":"ote-el-paseo-del-arte","status":"publish","type":"product","link":"https:\/\/3els.com\/onlinetravelescapes\/producto\/ote-el-paseo-del-arte\/","title":{"rendered":"EL PASEO DEL ARTE"},"content":{"rendered":"<p><\/p>\n<p style=\"text-align: center;\"><span style=\"font-size: 12pt;\"><strong>\u2013 Sesi\u00f3n privada dirigida por gu\u00eda oficial \u2013\u00a0<\/strong><\/span><\/p>\n<p><span style=\"font-size: 12pt;\">Este tri\u00e1ngulo art\u00edstico madrile\u00f1o de fama internacional, que incluye los museos del Prado, Thyssen-Bornemisza y Reina Sof\u00eda, permite al visitante conocer, en pocos metros, a algunos de los m\u00e1s grandes maestros de la historia del arte.<\/span><\/p>\n<p><span style=\"font-size: 12pt;\">\u00a1Descubre los secretos de algunas de las obras maestras m\u00e1s conocidas a trav\u00e9s de este recorrido, resolviendo misterios y concursos para que aprendas sobre arte e historia al mismo tiempo que disfrutas!<\/span><\/p>\n<p><span style=\"font-size: 12pt;\"><strong>\u00a1Reserva tu experiencia ahora!<\/strong><\/span><\/p>\n<p><span style=\"font-size: 12pt;\">\u2013 Duraci\u00f3n: 75 minutos aprox.<\/span><br \/>\n<span style=\"font-size: 12pt;\">\u2013 Edad: apto para todos los p\u00fablicos.<\/span><br \/>\n<span style=\"font-size: 12pt;\">\u2013 Participantes: hasta 10 personas (cont\u00e1ctanos para grupos hasta 100 personas).<\/span><br \/>\n<span style=\"font-size: 12pt;\">\u2013 Dificultad: f\u00e1cil.<\/span><br \/>\n<span style=\"font-size: 12pt;\">\u2013 Incluye pdf con los detalles de la ruta.<\/span><\/p>\n<p><span style=\"font-size: 12pt;\"><strong>NOTAS<\/strong><\/span><br \/>\n<span style=\"font-size: 12pt;\">\u2013 Env\u00eda tu petici\u00f3n para concretar d\u00eda y hora de la sesi\u00f3n.<\/span><br \/>\n<span style=\"font-size: 12pt;\">\u2013 Recomendamos usar un ordenador o tablet, no tel\u00e9fonos m\u00f3viles.<\/span><br \/>\n<span style=\"font-size: 12pt;\">\u2013 Algunas pistas pueden requerir b\u00fasqueda de informaci\u00f3n.<\/span><br \/>\n<span style=\"font-size: 12pt;\">\u2013 En el caso de participar varias personas desde localizaciones diferentes, recomendamos el uso de un segundo dispositivo para comunicarse con videollamadas o aplicaciones multiconferencia.<\/span><\/p>","protected":false},"excerpt":{"rendered":"<p>\u2013 Sesi\u00f3n privada dirigida por gu\u00eda oficial \u2013\u00a0 Este tri\u00e1ngulo art\u00edstico madrile\u00f1o de fama internacional, que incluye los museos del Prado, Thyssen-Bornemisza y Reina Sof\u00eda, permite al visitante conocer, en pocos metros, a algunos de los m\u00e1s grandes maestros de la historia del arte. \u00a1Descubre los secretos de algunas de las obras maestras m\u00e1s conocidas&#8230;<\/p>\n","protected":false},"featured_media":1739,"comment_status":"open","ping_status":"closed","template":"","meta":[],"product_brand":[],"product_cat":[44,19],"product_tag":[46],"class_list":{"0":"post-1738","1":"product","2":"type-product","3":"status-publish","4":"has-post-thumbnail","6":"product_cat-arte","7":"product_cat-madrid","8":"product_tag-rutas-guiadas-online","10":"first","11":"instock","12":"shipping-taxable","13":"product-type-external"},"_links":{"self":[{"href":"https:\/\/3els.com\/onlinetravelescapes\/wp-json\/wp\/v2\/product\/1738","targetHints":{"allow":["GET"]}}],"collection":[{"href":"https:\/\/3els.com\/onlinetravelescapes\/wp-json\/wp\/v2\/product"}],"about":[{"href":"https:\/\/3els.com\/onlinetravelescapes\/wp-json\/wp\/v2\/types\/product"}],"replies":[{"embeddable":true,"href":"https:\/\/3els.com\/onlinetravelescapes\/wp-json\/wp\/v2\/comments?post=1738"}],"wp:featuredmedia":[{"embeddable":true,"href":"https:\/\/3els.com\/onlinetravelescapes\/wp-json\/wp\/v2\/media\/1739"}],"wp:attachment":[{"href":"https:\/\/3els.com\/onlinetravelescapes\/wp-json\/wp\/v2\/media?parent=1738"}],"wp:term":[{"taxonomy":"product_brand","embeddable":true,"href":"https:\/\/3els.com\/onlinetravelescapes\/wp-json\/wp\/v2\/product_brand?post=1738"},{"taxonomy":"product_cat","embeddable":true,"href":"https:\/\/3els.com\/onlinetravelescapes\/wp-json\/wp\/v2\/product_cat?post=1738"},{"taxonomy":"product_tag","embeddable":true,"href":"https:\/\/3els.com\/onlinetravelescapes\/wp-json\/wp\/v2\/product_tag?post=1738"}],"curies":[{"name":"wp","href":"https:\/\/api.w.org\/{rel}","templated":true}]}}