{"id":1734,"date":"2021-03-15T16:56:12","date_gmt":"2021-03-15T16:56:12","guid":{"rendered":"http:\/\/3els.com\/onlinetravelescapes\/?post_type=product&#038;p=1734"},"modified":"2021-04-12T14:51:11","modified_gmt":"2021-04-12T14:51:11","slug":"ote-la-aventura-de-magallanes","status":"publish","type":"product","link":"https:\/\/3els.com\/onlinetravelescapes\/producto\/ote-la-aventura-de-magallanes\/","title":{"rendered":"LA AVENTURA DE MAGALLANES"},"content":{"rendered":"<p><\/p>\n<p style=\"text-align: center;\"><span style=\"font-size: 12pt;\"><strong>\u2013 Sesi\u00f3n privada dirigida por gu\u00eda oficial \u2013\u00a0<\/strong><\/span><\/p>\n<div style=\"width: 640px;\" class=\"wp-video\"><video class=\"wp-video-shortcode\" id=\"video-1734-1\" width=\"640\" height=\"360\" preload=\"metadata\" controls=\"controls\"><source type=\"video\/mp4\" src=\"http:\/\/3els.com\/onlinetravelescapes\/wp-content\/uploads\/2021\/03\/Magellans-adventure-video-ES.mp4?_=1\" \/><a href=\"http:\/\/3els.com\/onlinetravelescapes\/wp-content\/uploads\/2021\/03\/Magellans-adventure-video-ES.mp4\">http:\/\/3els.com\/onlinetravelescapes\/wp-content\/uploads\/2021\/03\/Magellans-adventure-video-ES.mp4<\/a><\/video><\/div>\n<p><span style=\"font-weight: 400; font-size: 12pt;\">Descubre la haza\u00f1a del gran explorador portugu\u00e9s Fernando de Magallanes quien organiz\u00f3 y lider\u00f3 la expedici\u00f3n espa\u00f1ola a las Islas de las Especias del 1519 a 1522, que acab\u00f3 siendo la primera circunnavegaci\u00f3n de la Tierra.\u00a0<\/span><\/p>\n<p><span style=\"font-weight: 400; font-size: 12pt;\">Un viaje que te llevar\u00e1 desde la bonita Sevilla en el sur de Espa\u00f1a hasta Indonesia, \u00a1a trav\u00e9s de un emocionante odisea llena de aventuras!\u00a0<\/span><\/p>\n<p><span style=\"font-size: 12pt;\"><strong>Un viaje a lo desconocido, retos, enigmas y diversi\u00f3n&#8230; \u00a1Reserva tu aventura ahora!<\/strong><\/span><\/p>\n<p><span style=\"font-size: 12pt;\">\u2013 Duraci\u00f3n: 75 minutos aprox.<\/span><br \/>\n<span style=\"font-size: 12pt;\">\u2013 Edad: apto para todos los p\u00fablicos.<\/span><br \/>\n<span style=\"font-size: 12pt;\">\u2013 Participantes: hasta 10 personas (cont\u00e1ctanos para grupos hasta 100 personas).<\/span><br \/>\n<span style=\"font-size: 12pt;\">\u2013 Dificultad: easy.<\/span><\/p>\n<p><span style=\"font-size: 12pt;\"><strong>NOTAS<\/strong><\/span><br \/>\n<span style=\"font-size: 12pt;\">\u2013 Env\u00eda tu petici\u00f3n para concretar d\u00eda y hora de la sesi\u00f3n.<\/span><br \/>\n<span style=\"font-size: 12pt;\">\u2013 Recomendamos usar un ordenador o tablet, no tel\u00e9fonos m\u00f3viles.<\/span><br \/>\n<span style=\"font-size: 12pt;\">\u2013 Algunas pistas pueden requerir b\u00fasqueda de informaci\u00f3n.<\/span><br \/>\n<span style=\"font-size: 12pt;\">\u2013 En el caso de participar varias personas desde localizaciones diferentes, recomendamos el uso de un segundo dispositivo para comunicarse con videollamadas o aplicaciones multiconferencia.<\/span><\/p>","protected":false},"excerpt":{"rendered":"<p>\u2013 Sesi\u00f3n privada dirigida por gu\u00eda oficial \u2013\u00a0 Descubre la haza\u00f1a del gran explorador portugu\u00e9s Fernando de Magallanes quien organiz\u00f3 y lider\u00f3 la expedici\u00f3n espa\u00f1ola a las Islas de las Especias del 1519 a 1522, que acab\u00f3 siendo la primera circunnavegaci\u00f3n de la Tierra.\u00a0 Un viaje que te llevar\u00e1 desde la bonita Sevilla en el&#8230;<\/p>\n","protected":false},"featured_media":1736,"comment_status":"open","ping_status":"closed","template":"","meta":[],"product_brand":[],"product_cat":[16,49,50,20],"product_tag":[46],"class_list":{"0":"post-1734","1":"product","2":"type-product","3":"status-publish","4":"has-post-thumbnail","6":"product_cat-sin-categorizar","7":"product_cat-aventura","8":"product_cat-historia","9":"product_cat-sevilla","10":"product_tag-rutas-guiadas-online","12":"first","13":"instock","14":"shipping-taxable","15":"product-type-external"},"_links":{"self":[{"href":"https:\/\/3els.com\/onlinetravelescapes\/wp-json\/wp\/v2\/product\/1734","targetHints":{"allow":["GET"]}}],"collection":[{"href":"https:\/\/3els.com\/onlinetravelescapes\/wp-json\/wp\/v2\/product"}],"about":[{"href":"https:\/\/3els.com\/onlinetravelescapes\/wp-json\/wp\/v2\/types\/product"}],"replies":[{"embeddable":true,"href":"https:\/\/3els.com\/onlinetravelescapes\/wp-json\/wp\/v2\/comments?post=1734"}],"wp:featuredmedia":[{"embeddable":true,"href":"https:\/\/3els.com\/onlinetravelescapes\/wp-json\/wp\/v2\/media\/1736"}],"wp:attachment":[{"href":"https:\/\/3els.com\/onlinetravelescapes\/wp-json\/wp\/v2\/media?parent=1734"}],"wp:term":[{"taxonomy":"product_brand","embeddable":true,"href":"https:\/\/3els.com\/onlinetravelescapes\/wp-json\/wp\/v2\/product_brand?post=1734"},{"taxonomy":"product_cat","embeddable":true,"href":"https:\/\/3els.com\/onlinetravelescapes\/wp-json\/wp\/v2\/product_cat?post=1734"},{"taxonomy":"product_tag","embeddable":true,"href":"https:\/\/3els.com\/onlinetravelescapes\/wp-json\/wp\/v2\/product_tag?post=1734"}],"curies":[{"name":"wp","href":"https:\/\/api.w.org\/{rel}","templated":true}]}}