{"id":1726,"date":"2021-03-12T19:52:43","date_gmt":"2021-03-12T19:52:43","guid":{"rendered":"http:\/\/3els.com\/onlinetravelescapes\/?post_type=product&#038;p=1726"},"modified":"2021-03-19T19:12:07","modified_gmt":"2021-03-19T19:12:07","slug":"ote-grand-tour-catalunya-1","status":"publish","type":"product","link":"https:\/\/3els.com\/onlinetravelescapes\/producto\/ote-grand-tour-catalunya-1\/","title":{"rendered":"GRAND TOUR CATALUNYA 1"},"content":{"rendered":"<p><\/p>\n<p style=\"text-align: center;\"><strong>\u2013 Sesi\u00f3n privada dirigida por gu\u00eda oficial \u2013\u00a0<\/strong><\/p>\n<p>El Grand Tour Catalunya te llevar\u00e1 a conocer los mejores rincones de nuestra tierra, algunos de los cuales son desconocidos incluso por los locales.<\/p>\n<p>Esta aventura se entregar\u00e1 en 5 etapas diferentes. \u00a1Disfruta de esta primera etapa, resuelve enigmas y misterios, sigue las pistas y descubre lo que se esconde en cada uno de ellos! Cada vez que completes una etapa, entrar\u00e1s en un sorteo de sesiones gratuitas para la siguiente. Si completas las 5 etapas tambi\u00e9n tendr\u00e1s la oportunidad de ganar una experiencia maravillosa para descubrir Catalu\u00f1a ellos mismos.<\/p>\n<p><strong>Una manera estupenda de descubrir Catalunya&#8230; \u00a1Reserva tu experiencia ahora!<\/strong><\/p>\n<p>\u2013 Duraci\u00f3n: 75 minutos aprox.<br \/>\n\u2013 Edad: apto para todos los p\u00fablicos.<br \/>\n\u2013 Participantes: hasta 10 personas (cont\u00e1ctanos para grupos hasta 100 personas).<br \/>\n\u2013 Dificultad: f\u00e1cil.<br \/>\n\u2013 Incluye pdf con los detalles de la ruta.<\/p>\n<p><strong>NOTAS<\/strong><br \/>\n\u2013 Env\u00eda tu petici\u00f3n para concretar d\u00eda y hora de la sesi\u00f3n.<br \/>\n\u2013 Recomendamos usar un ordenador o tablet, no tel\u00e9fonos m\u00f3viles.<br \/>\n\u2013 Algunas pistas pueden requerir b\u00fasqueda de informaci\u00f3n.<br \/>\n\u2013 En el caso de participar varias personas desde localizaciones diferentes, recomendamos el uso de un segundo dispositivo para comunicarse con videollamadas o aplicaciones multiconferencia.<\/p>","protected":false},"excerpt":{"rendered":"<p>\u2013 Sesi\u00f3n privada dirigida por gu\u00eda oficial \u2013\u00a0 El Grand Tour Catalunya te llevar\u00e1 a conocer los mejores rincones de nuestra tierra, algunos de los cuales son desconocidos incluso por los locales. Esta aventura se entregar\u00e1 en 5 etapas diferentes. \u00a1Disfruta de esta primera etapa, resuelve enigmas y misterios, sigue las pistas y descubre lo&#8230;<\/p>\n","protected":false},"featured_media":1727,"comment_status":"closed","ping_status":"closed","template":"","meta":[],"product_brand":[],"product_cat":[43,44,17,45,41,21,18],"product_tag":[46],"class_list":{"0":"post-1726","1":"product","2":"type-product","3":"status-publish","4":"has-post-thumbnail","6":"product_cat-arquitectura","7":"product_cat-arte","8":"product_cat-barcelona","9":"product_cat-cataluna","10":"product_cat-gastronomia","11":"product_cat-gaudi","12":"product_cat-modernism","13":"product_tag-rutas-guiadas-online","15":"first","16":"instock","17":"featured","18":"shipping-taxable","19":"product-type-external"},"_links":{"self":[{"href":"https:\/\/3els.com\/onlinetravelescapes\/wp-json\/wp\/v2\/product\/1726","targetHints":{"allow":["GET"]}}],"collection":[{"href":"https:\/\/3els.com\/onlinetravelescapes\/wp-json\/wp\/v2\/product"}],"about":[{"href":"https:\/\/3els.com\/onlinetravelescapes\/wp-json\/wp\/v2\/types\/product"}],"replies":[{"embeddable":true,"href":"https:\/\/3els.com\/onlinetravelescapes\/wp-json\/wp\/v2\/comments?post=1726"}],"wp:featuredmedia":[{"embeddable":true,"href":"https:\/\/3els.com\/onlinetravelescapes\/wp-json\/wp\/v2\/media\/1727"}],"wp:attachment":[{"href":"https:\/\/3els.com\/onlinetravelescapes\/wp-json\/wp\/v2\/media?parent=1726"}],"wp:term":[{"taxonomy":"product_brand","embeddable":true,"href":"https:\/\/3els.com\/onlinetravelescapes\/wp-json\/wp\/v2\/product_brand?post=1726"},{"taxonomy":"product_cat","embeddable":true,"href":"https:\/\/3els.com\/onlinetravelescapes\/wp-json\/wp\/v2\/product_cat?post=1726"},{"taxonomy":"product_tag","embeddable":true,"href":"https:\/\/3els.com\/onlinetravelescapes\/wp-json\/wp\/v2\/product_tag?post=1726"}],"curies":[{"name":"wp","href":"https:\/\/api.w.org\/{rel}","templated":true}]}}