{"id":131,"date":"2020-09-15T16:24:22","date_gmt":"2020-09-15T16:24:22","guid":{"rendered":"http:\/\/www.3els.com\/onlinetravelescapes\/travelescaperooms\/?post_type=product&#038;p=131"},"modified":"2021-04-12T18:12:45","modified_gmt":"2021-04-12T18:12:45","slug":"ter-tras-las-huellas-de-gaudi","status":"publish","type":"product","link":"https:\/\/3els.com\/onlinetravelescapes\/producto\/ter-tras-las-huellas-de-gaudi\/","title":{"rendered":"TRAS LAS HUELLAS DE GAUD\u00cd"},"content":{"rendered":"<p><div style=\"width: 640px;\" class=\"wp-video\"><video class=\"wp-video-shortcode\" id=\"video-131-1\" width=\"640\" height=\"360\" preload=\"metadata\" controls=\"controls\"><source type=\"video\/mp4\" src=\"http:\/\/3els.com\/onlinetravelescapes\/wp-content\/uploads\/2021\/04\/Tras-las-huellas-de-Gaudi\u0301-vi\u0301deo-promo-ES.mp4?_=1\" \/><a href=\"http:\/\/3els.com\/onlinetravelescapes\/wp-content\/uploads\/2021\/04\/Tras-las-huellas-de-Gaudi\u0301-vi\u0301deo-promo-ES.mp4\">http:\/\/3els.com\/onlinetravelescapes\/wp-content\/uploads\/2021\/04\/Tras-las-huellas-de-Gaudi\u0301-vi\u0301deo-promo-ES.mp4<\/a><\/video><\/div><\/p>\n<p><span style=\"font-size: 12pt;\">\u00a1Necesitamos tu ayuda!<\/span><\/p>\n<p style=\"text-align: justify;\"><span style=\"font-size: 12pt;\">El misterioso robo de un objeto personal de Gaud\u00ed te llevar\u00e1 por un recorrido a trav\u00e9s de su obra. Misterio, retos y diversi\u00f3n mientras aprendes sobre Gaud\u00ed y Barcelona. Ideal para disfrutar con familiares y amigos o como una actividad de team-building con tus compa\u00f1eros de trabajo. \u00bfQui\u00e9n ser\u00e1 el m\u00e1s r\u00e1pido en resolver el misterio? Si llegas hasta el final, tendr\u00e1s acceso a la ruta en versi\u00f3n online y pdf para que puedas consultarla cuando quieras.<\/span><\/p>\n<p><strong><span style=\"font-size: 12pt;\">Una nueva manera de viajar sin salir de casa. \u00a1Empieza tu aventura ahora!<\/span><\/strong><\/p>\n<p><span style=\"font-size: 12pt;\">&#8211; Duraci\u00f3n: 1,5 horas aprox.<\/span><br \/>\n<span style=\"font-size: 12pt;\">&#8211; Edad: apto para todos los p\u00fablicos.<\/span><br \/>\n<span style=\"font-size: 12pt;\">&#8211; Participantes: de 1 a 6 dispositivos con conexi\u00f3n al escape room.<\/span><br \/>\n<span style=\"font-size: 12pt;\">&#8211; Dificultad:\u00a0 media\/alta.<\/span><br \/>\n&#8211; Incluye pdf con los detalles de la ruta.<\/p>\n<p><strong><span style=\"font-size: 12pt;\">NOTAS<\/span><\/strong><br \/>\n<span style=\"font-size: 12pt;\">&#8211; Recomendamos usar un ordenador o tablet, no tel\u00e9fonos m\u00f3viles.<\/span><br \/>\n<span style=\"font-size: 12pt;\">&#8211; Algunas pistas pueden requerir b\u00fasqueda de informaci\u00f3n.<\/span><br \/>\n<span style=\"font-size: 12pt;\">&#8211; En el caso de participar varias personas desde localizaciones diferentes, recomendamos el uso de un segundo dispositivo para comunicarse con videollamadas o aplicaciones multiconferencia.<\/span><\/p>","protected":false},"excerpt":{"rendered":"<p>\u00a1Necesitamos tu ayuda! El misterioso robo de un objeto personal de Gaud\u00ed te llevar\u00e1 por un recorrido a trav\u00e9s de su obra. Misterio, retos y diversi\u00f3n mientras aprendes sobre Gaud\u00ed y Barcelona. Ideal para disfrutar con familiares y amigos o como una actividad de team-building con tus compa\u00f1eros de trabajo. \u00bfQui\u00e9n ser\u00e1 el m\u00e1s r\u00e1pido&#8230;<\/p>\n","protected":false},"featured_media":1715,"comment_status":"open","ping_status":"closed","template":"","meta":[],"product_brand":[],"product_cat":[43,44,17,21,18],"product_tag":[47],"class_list":{"0":"post-131","1":"product","2":"type-product","3":"status-publish","4":"has-post-thumbnail","6":"product_cat-arquitectura","7":"product_cat-arte","8":"product_cat-barcelona","9":"product_cat-gaudi","10":"product_cat-modernism","11":"product_tag-escape-room-autoguiado","13":"first","14":"instock","15":"featured","16":"downloadable","17":"virtual","18":"purchasable","19":"product-type-simple"},"_links":{"self":[{"href":"https:\/\/3els.com\/onlinetravelescapes\/wp-json\/wp\/v2\/product\/131","targetHints":{"allow":["GET"]}}],"collection":[{"href":"https:\/\/3els.com\/onlinetravelescapes\/wp-json\/wp\/v2\/product"}],"about":[{"href":"https:\/\/3els.com\/onlinetravelescapes\/wp-json\/wp\/v2\/types\/product"}],"replies":[{"embeddable":true,"href":"https:\/\/3els.com\/onlinetravelescapes\/wp-json\/wp\/v2\/comments?post=131"}],"wp:featuredmedia":[{"embeddable":true,"href":"https:\/\/3els.com\/onlinetravelescapes\/wp-json\/wp\/v2\/media\/1715"}],"wp:attachment":[{"href":"https:\/\/3els.com\/onlinetravelescapes\/wp-json\/wp\/v2\/media?parent=131"}],"wp:term":[{"taxonomy":"product_brand","embeddable":true,"href":"https:\/\/3els.com\/onlinetravelescapes\/wp-json\/wp\/v2\/product_brand?post=131"},{"taxonomy":"product_cat","embeddable":true,"href":"https:\/\/3els.com\/onlinetravelescapes\/wp-json\/wp\/v2\/product_cat?post=131"},{"taxonomy":"product_tag","embeddable":true,"href":"https:\/\/3els.com\/onlinetravelescapes\/wp-json\/wp\/v2\/product_tag?post=131"}],"curies":[{"name":"wp","href":"https:\/\/api.w.org\/{rel}","templated":true}]}}