{"id":89,"date":"2020-08-10T16:37:14","date_gmt":"2020-08-10T16:37:14","guid":{"rendered":"http:\/\/www.3els.com\/onlinetravelescapes\/travelescaperooms\/?page_id=89"},"modified":"2021-08-24T15:39:50","modified_gmt":"2021-08-24T15:39:50","slug":"home","status":"publish","type":"page","link":"https:\/\/3els.com\/onlinetravelescapes\/","title":{"rendered":"Home"},"content":{"rendered":"<p style=\"text-align: justify;\"><span style=\"font-size: 12pt;\">\u00a1Bienvenidos a<em> Online Travel Escapes!\u00a0<\/em><\/span><\/p>\r\n<p style=\"text-align: justify;\"><span style=\"font-size: 12pt;\">Nuestras experiencias son ideales para disfrutarlas en solitario, con familiares y amigos, para regalarlas a tus clientes o empleados, o como actividad de team-building. Aqu\u00ed encontrar\u00e1s rutas y experiencias online a trav\u00e9s de las cuales descubrir\u00e1s los rincones m\u00e1s bonitos de nuestra tierra. Cada una de nuestras experiencias se realiza en diferentes formatos para que puedas escoger el que m\u00e1s se ajuste a tus preferencias:<\/span><\/p>\r\n<p><span style=\"font-size: 12pt;\">\u00a0 \u00a0 \u00a0&#8211; Travel escape rooms autoguiados: rutas en formato 100% online, disponible 24\/7 en nuestra web para disfrutarlas cuando, d\u00f3nde y con quien quieras.<\/span><\/p>\r\n<p><span style=\"font-size: 12pt;\">\u00a0 \u00a0 \u00a0&#8211; Rutas y experiencias guiadas: t\u00fa escoges tu experiencia favorita, a tus acompa\u00f1antes y cu\u00e1ndo la quieres realizar. Disfrutar\u00e1s de tu aventura en una sesi\u00f3n exclusiva para tu grupo.<\/span><\/p>\r\n<p>\u00a1Te divertir\u00e1s y aprender\u00e1s sobre nuestros destinos para que puedas empezar a planear tu pr\u00f3ximo viaje!<\/p>\r\n<p style=\"text-align: justify;\"><span style=\"font-size: 12pt;\">Esperamos recibirte pronto en persona y sorprenderte con <a href=\"https:\/\/www.3els.com\/onlinetravelescapes\/experiencias\/\">nuestras experiencias hechas a medida<\/a> pero, mientras tanto, nos encantar\u00e1 que disfrutes a trav\u00e9s de nuestras experiencias online.<\/span><\/p>\r\n<p>Tambi\u00e9n ofrecemos programas de colaboraci\u00f3n y descuentos por volumen a agentes de viajes y empresas, <a href=\"http:\/\/3els.com\/onlinetravelescapes\/contacto\/\" target=\"_blank\" rel=\"noopener\">cont\u00e1ctanos<\/a> para saber todos los detalles.<\/p>","protected":false},"excerpt":{"rendered":"<p>\u00a1Bienvenidos a Online Travel Escapes!\u00a0 Nuestras experiencias son ideales para disfrutarlas en solitario, con familiares y amigos, para regalarlas a tus clientes o empleados, o como actividad de team-building. Aqu\u00ed encontrar\u00e1s rutas y experiencias online a trav\u00e9s de las cuales descubrir\u00e1s los rincones m\u00e1s bonitos de nuestra tierra. Cada una de nuestras experiencias se realiza&#8230;<\/p>\n","protected":false},"author":1,"featured_media":0,"parent":0,"menu_order":0,"comment_status":"closed","ping_status":"closed","template":"","meta":{"footnotes":""},"class_list":["post-89","page","type-page","status-publish","hentry"],"_links":{"self":[{"href":"https:\/\/3els.com\/onlinetravelescapes\/wp-json\/wp\/v2\/pages\/89","targetHints":{"allow":["GET"]}}],"collection":[{"href":"https:\/\/3els.com\/onlinetravelescapes\/wp-json\/wp\/v2\/pages"}],"about":[{"href":"https:\/\/3els.com\/onlinetravelescapes\/wp-json\/wp\/v2\/types\/page"}],"author":[{"embeddable":true,"href":"https:\/\/3els.com\/onlinetravelescapes\/wp-json\/wp\/v2\/users\/1"}],"replies":[{"embeddable":true,"href":"https:\/\/3els.com\/onlinetravelescapes\/wp-json\/wp\/v2\/comments?post=89"}],"version-history":[{"count":108,"href":"https:\/\/3els.com\/onlinetravelescapes\/wp-json\/wp\/v2\/pages\/89\/revisions"}],"predecessor-version":[{"id":1887,"href":"https:\/\/3els.com\/onlinetravelescapes\/wp-json\/wp\/v2\/pages\/89\/revisions\/1887"}],"wp:attachment":[{"href":"https:\/\/3els.com\/onlinetravelescapes\/wp-json\/wp\/v2\/media?parent=89"}],"curies":[{"name":"wp","href":"https:\/\/api.w.org\/{rel}","templated":true}]}}