{"id":82,"date":"2020-08-10T15:57:02","date_gmt":"2020-08-10T15:57:02","guid":{"rendered":"http:\/\/www.3els.com\/onlinetravelescapes\/travelescaperooms\/?page_id=82"},"modified":"2021-01-13T17:55:25","modified_gmt":"2021-01-13T17:55:25","slug":"como-funciona","status":"publish","type":"page","link":"https:\/\/3els.com\/onlinetravelescapes\/como-funciona\/","title":{"rendered":"C\u00f3mo funciona"},"content":{"rendered":"<h3 style=\"text-align: center;\">C\u00d3MO FUNCIONA<\/h3>\r\n<p>1 &#8211; Ves a nuestra tienda de <a href=\"http:\/\/3els.com\/onlinetravelescapes\/online-travel-escapes\/\" target=\"_blank\" rel=\"noopener noreferrer\"><strong>Online Travel Escapes<\/strong><\/a>.<\/p>\r\n<p>2 &#8211; Elige la experiencia online que quieras y a\u00f1\u00e1dela al carrito.<\/p>\r\n<p>3 &#8211; Realiza el pago a trav\u00e9s de nuestra plataforma segura.<\/p>\r\n<p>4 &#8211; Una vez completado el proceso de pago, recibir\u00e1s las instrucciones para empezar tu aventura.\u00a0<\/p>\r\n<p><span style=\"font-weight: 400;\">NOTA: Lee con atenci\u00f3n las especificaciones de cada una de las experiencias para asegurarte de preparar todo lo necesario y disfrutarla al m\u00e1ximo.<\/span><\/p>\r\n<h3 style=\"text-align: center;\">CONDICIONES GENERALES<\/h3>\r\n<p>\u2013 En enlace y contrase\u00f1a recibidos para acceder a tu experiencia son v\u00e1lidos para una \u00fanica sesi\u00f3n y el n\u00famero de personas\/dispositivos indicados en la compra.\u00a0<\/p>\r\n<p>\u2013 Las compras en esta p\u00e1gina web son NO reembolsables. En el caso de no poder asistir a una de nuestras experiencias guiadas en la fecha reservada, se permitir\u00e1 1 cambio de fecha (siempre sujeto a disponibilidad).<\/p>\r\n<p>\u2013 Para disfrutar de tu experiencia es necesario que sigas las instrucciones recibidas una vez finalizada la compra.\u00a0<\/p>\r\n<p>\u2013 Para m\u00e1s informaci\u00f3n env\u00edanos tu consulta a trav\u00e9s de nuestro\u00a0<a href=\"http:\/\/3els.com\/onlinetravelescapes\/contacto\/\" target=\"_blank\" rel=\"noopener noreferrer\"><strong>formulario de contacto<\/strong><\/a>.<\/p>\r\n<p>&nbsp;<\/p>\r\n<p style=\"text-align: center;\"><em>Muchas gracias por confiar en Online Travel Escapes by 3els.<\/em><\/p>\r\n<p style=\"text-align: center;\"><em>\u00a1Esperamos que disfrutes!<\/em><\/p>\r\n\r\n<p>&nbsp;<\/p>","protected":false},"excerpt":{"rendered":"<p>C\u00d3MO FUNCIONA 1 &#8211; Ves a nuestra tienda de Online Travel Escapes. 2 &#8211; Elige la experiencia online que quieras y a\u00f1\u00e1dela al carrito. 3 &#8211; Realiza el pago a trav\u00e9s de nuestra plataforma segura. 4 &#8211; Una vez completado el proceso de pago, recibir\u00e1s las instrucciones para empezar tu aventura.\u00a0 NOTA: Lee con atenci\u00f3n&#8230;<\/p>\n","protected":false},"author":1,"featured_media":0,"parent":0,"menu_order":0,"comment_status":"closed","ping_status":"closed","template":"","meta":{"footnotes":""},"class_list":["post-82","page","type-page","status-publish","hentry"],"_links":{"self":[{"href":"https:\/\/3els.com\/onlinetravelescapes\/wp-json\/wp\/v2\/pages\/82","targetHints":{"allow":["GET"]}}],"collection":[{"href":"https:\/\/3els.com\/onlinetravelescapes\/wp-json\/wp\/v2\/pages"}],"about":[{"href":"https:\/\/3els.com\/onlinetravelescapes\/wp-json\/wp\/v2\/types\/page"}],"author":[{"embeddable":true,"href":"https:\/\/3els.com\/onlinetravelescapes\/wp-json\/wp\/v2\/users\/1"}],"replies":[{"embeddable":true,"href":"https:\/\/3els.com\/onlinetravelescapes\/wp-json\/wp\/v2\/comments?post=82"}],"version-history":[{"count":29,"href":"https:\/\/3els.com\/onlinetravelescapes\/wp-json\/wp\/v2\/pages\/82\/revisions"}],"predecessor-version":[{"id":1540,"href":"https:\/\/3els.com\/onlinetravelescapes\/wp-json\/wp\/v2\/pages\/82\/revisions\/1540"}],"wp:attachment":[{"href":"https:\/\/3els.com\/onlinetravelescapes\/wp-json\/wp\/v2\/media?parent=82"}],"curies":[{"name":"wp","href":"https:\/\/api.w.org\/{rel}","templated":true}]}}